{"id":123,"date":"2024-11-26T09:21:56","date_gmt":"2024-11-26T08:21:56","guid":{"rendered":"https:\/\/villamagdalena.at\/en\/?page_id=123"},"modified":"2026-03-02T13:28:34","modified_gmt":"2026-03-02T12:28:34","slug":"impressum","status":"publish","type":"page","link":"https:\/\/villamagdalena.at\/en\/impressum\/","title":{"rendered":"Impressum"},"content":{"rendered":"\t\t<div data-elementor-type=\"wp-page\" data-elementor-id=\"123\" class=\"elementor elementor-123\" data-elementor-post-type=\"page\">\n\t\t\t\t<div class=\"elementor-element elementor-element-00618b7 e-flex e-con-boxed e-con e-parent\" data-id=\"00618b7\" data-element_type=\"container\" data-e-type=\"container\">\n\t\t\t\t\t<div class=\"e-con-inner\">\n\t\t\t\t<div class=\"elementor-element elementor-element-cc3c2c4 elementor-widget elementor-widget-heading\" data-id=\"cc3c2c4\" data-element_type=\"widget\" data-e-type=\"widget\" data-widget_type=\"heading.default\">\n\t\t\t\t<div class=\"elementor-widget-container\">\n\t\t\t\t\t<h1 class=\"elementor-heading-title elementor-size-default\">Impressum<\/h1>\t\t\t\t<\/div>\n\t\t\t\t<\/div>\n\t\t\t\t<div class=\"elementor-element elementor-element-5e47d63 elementor-widget elementor-widget-text-editor\" data-id=\"5e47d63\" data-element_type=\"widget\" data-e-type=\"widget\" data-widget_type=\"text-editor.default\">\n\t\t\t\t<div class=\"elementor-widget-container\">\n\t\t\t\t\t\t\t\t\t<p>Villa Magdalena<\/p><p>Flurweg 5<br \/>8750 Judenburg<br \/><a href=\"tel:+43351220333\">+43 3512 20333<\/a><br \/><a href=\"mailto:hallo@villamagdalena.at\/en\">hallo@villamagdalena.at\/en<\/a><\/p>\t\t\t\t\t\t\t\t<\/div>\n\t\t\t\t<\/div>\n\t\t\t\t<div class=\"elementor-element elementor-element-915ce8c elementor-widget elementor-widget-text-editor\" data-id=\"915ce8c\" data-element_type=\"widget\" data-e-type=\"widget\" data-widget_type=\"text-editor.default\">\n\t\t\t\t<div class=\"elementor-widget-container\">\n\t\t\t\t\t\t\t\t\t<p>Spirit Events GmbH<br \/>(Gesellschaft mit beschr\u00e4nkter Hafttung)<br \/>ATU81476868<\/p>\t\t\t\t\t\t\t\t<\/div>\n\t\t\t\t<\/div>\n\t\t\t\t<div class=\"elementor-element elementor-element-c9ebe2f elementor-widget elementor-widget-heading\" data-id=\"c9ebe2f\" data-element_type=\"widget\" data-e-type=\"widget\" data-widget_type=\"heading.default\">\n\t\t\t\t<div class=\"elementor-widget-container\">\n\t\t\t\t\t<h2 class=\"elementor-heading-title elementor-size-default\">Haftung<\/h2>\t\t\t\t<\/div>\n\t\t\t\t<\/div>\n\t\t\t\t<div class=\"elementor-element elementor-element-6236179 elementor-widget elementor-widget-text-editor\" data-id=\"6236179\" data-element_type=\"widget\" data-e-type=\"widget\" data-widget_type=\"text-editor.default\">\n\t\t\t\t<div class=\"elementor-widget-container\">\n\t\t\t\t\t\t\t\t\t<p>Der Autor dieser Webseiten ist bestrebt, die hier angebotenen Informationen nach bestem Wissen und Gewissen vollst\u00e4ndig und richtig darzustellen und aktuell zu halten. Dennoch kann er keinerlei Haftung f\u00fcr Sch\u00e4den \u00fcbernehmen, die sich aus der Nutzung der angebotenen Informationen ergeben k\u00f6nnen \u2013 auch wenn diese auf die Nutzung von allenfalls unvollst\u00e4ndigen bzw. fehlerhaften Informationen zur\u00fcckzuf\u00fchren sind. Verweise auf fremde Webseiten liegen au\u00dferhalb des Verantwortungsbereiches des Autors. Eine Haftung f\u00fcr die Inhalte von verlinkten Seiten ist ausgeschlossen, zumal der Autor keinen Einfluss auf Inhalte wie Gestaltung von gelinkten Seiten hat. F\u00fcr Inhalte von Seiten, auf welche von Seiten dieser Homepage verwiesen wird, haftet somit allein der Anbieter dieser fremden Webseiten \u2013 niemals jedoch derjenige, der durch einen Link auf fremde Publikationen und Inhalte verweist. Sollten verlinkte Seiten (insbesondere durch Ver\u00e4nderung der Inhalte nach dem Setzen des Links) illegale, fehlerhafte, unvollst\u00e4ndige, beleidigende oder sittenwidrige Informationen beinhalten und wird der Autor dieser Seite auf derartige Inhalte von gelinkten Seiten aufmerksam (gemacht), so wird er einen Link auf derartige Seiten unverz\u00fcglich unterbinden.<\/p>\t\t\t\t\t\t\t\t<\/div>\n\t\t\t\t<\/div>\n\t\t\t\t<div class=\"elementor-element elementor-element-f55ca2d elementor-widget elementor-widget-heading\" data-id=\"f55ca2d\" data-element_type=\"widget\" data-e-type=\"widget\" data-widget_type=\"heading.default\">\n\t\t\t\t<div class=\"elementor-widget-container\">\n\t\t\t\t\t<h2 class=\"elementor-heading-title elementor-size-default\">Urheberrecht<\/h2>\t\t\t\t<\/div>\n\t\t\t\t<\/div>\n\t\t\t\t<div class=\"elementor-element elementor-element-f4c07d7 elementor-widget elementor-widget-text-editor\" data-id=\"f4c07d7\" data-element_type=\"widget\" data-e-type=\"widget\" data-widget_type=\"text-editor.default\">\n\t\t\t\t<div class=\"elementor-widget-container\">\n\t\t\t\t\t\t\t\t\t<p>Der Inhalt der vom Autor selbst erstellten Inhalte dieser Seiten ist urheberrechtlich gesch\u00fctzt. Jede den Bestimmungen des Urheberrechtsgesetzes widersprechende Verwendung jeglicher Inhalte dieser Webseiten \u2013 insbesondere die weitergehende Nutzung wie beispielsweise die Ver\u00f6ffentlichung, Vervielf\u00e4ltigung und jede Form von gewerblicher Nutzung sowie die Weitergabe an Dritte \u2013 auch in Teilen oder in \u00fcberarbeiteter Form \u2013 ohne ausdr\u00fcckliche Zustimmung des Autors ist untersagt. Davon ausgenommen sind ausdr\u00fccklich zum Download gekennzeichnete Dateien.<\/p>\t\t\t\t\t\t\t\t<\/div>\n\t\t\t\t<\/div>\n\t\t\t\t<div class=\"elementor-element elementor-element-7be908d elementor-widget elementor-widget-heading\" data-id=\"7be908d\" data-element_type=\"widget\" data-e-type=\"widget\" data-widget_type=\"heading.default\">\n\t\t\t\t<div class=\"elementor-widget-container\">\n\t\t\t\t\t<h2 class=\"elementor-heading-title elementor-size-default\">Informationsgehalt<\/h2>\t\t\t\t<\/div>\n\t\t\t\t<\/div>\n\t\t\t\t<div class=\"elementor-element elementor-element-c2c4511 elementor-widget elementor-widget-text-editor\" data-id=\"c2c4511\" data-element_type=\"widget\" data-e-type=\"widget\" data-widget_type=\"text-editor.default\">\n\t\t\t\t<div class=\"elementor-widget-container\">\n\t\t\t\t\t\t\t\t\t<p>Die Informationen dieser Webseiten k\u00f6nnen ohne vorherige Ank\u00fcndigung ge\u00e4ndert, entfernt oder erg\u00e4nzt werden. Der Autor kann daher keine Garantie f\u00fcr die Korrektheit, Vollst\u00e4ndigkeit oder Qualit\u00e4t und letzte Aktualit\u00e4t der bereitgestellten Informationen geben.<\/p>\t\t\t\t\t\t\t\t<\/div>\n\t\t\t\t<\/div>\n\t\t\t\t<div class=\"elementor-element elementor-element-f14071d elementor-widget elementor-widget-heading\" data-id=\"f14071d\" data-element_type=\"widget\" data-e-type=\"widget\" data-widget_type=\"heading.default\">\n\t\t\t\t<div class=\"elementor-widget-container\">\n\t\t\t\t\t<h2 class=\"elementor-heading-title elementor-size-default\">Rechtswirksamkeit<\/h2>\t\t\t\t<\/div>\n\t\t\t\t<\/div>\n\t\t\t\t<div class=\"elementor-element elementor-element-163c4e1 elementor-widget elementor-widget-text-editor\" data-id=\"163c4e1\" data-element_type=\"widget\" data-e-type=\"widget\" data-widget_type=\"text-editor.default\">\n\t\t\t\t<div class=\"elementor-widget-container\">\n\t\t\t\t\t\t\t\t\t<p>Durch Nutzung dieser Webseiten unterliegt der Nutzer den gegenst\u00e4ndlichen Ben\u00fctzungsbedingungen. Diese sind Teil des WWW-Angebotes. Sofern Teile oder einzelne Formulierungen der Ben\u00fctzungsbedingungen der geltenden Rechtslage nicht, nicht mehr oder nicht vollst\u00e4ndig entsprechen sollten, bleiben die \u00fcbrigen Teile der Ben\u00fctzungsbedingungen in ihrem Inhalt und ihrer G\u00fcltigkeit davon unber\u00fchrt.<\/p>\t\t\t\t\t\t\t\t<\/div>\n\t\t\t\t<\/div>\n\t\t\t\t<div class=\"elementor-element elementor-element-117dc90 elementor-widget elementor-widget-heading\" data-id=\"117dc90\" data-element_type=\"widget\" data-e-type=\"widget\" data-widget_type=\"heading.default\">\n\t\t\t\t<div class=\"elementor-widget-container\">\n\t\t\t\t\t<h2 class=\"elementor-heading-title elementor-size-default\">Konzept, Design und Umsetzung\n<\/h2>\t\t\t\t<\/div>\n\t\t\t\t<\/div>\n\t\t\t\t<div class=\"elementor-element elementor-element-799bde5 elementor-widget elementor-widget-text-editor\" data-id=\"799bde5\" data-element_type=\"widget\" data-e-type=\"widget\" data-widget_type=\"text-editor.default\">\n\t\t\t\t<div class=\"elementor-widget-container\">\n\t\t\t\t\t\t\t\t\t<p><a href=\"https:\/\/www.jack-coleman.com\/\">jack-coleman.com<\/a><\/p>\t\t\t\t\t\t\t\t<\/div>\n\t\t\t\t<\/div>\n\t\t\t\t\t<\/div>\n\t\t\t\t<\/div>\n\t\t\t\t<\/div>\n\t\t","protected":false},"excerpt":{"rendered":"<p>Impressum Villa Magdalena Flurweg 58750 Judenburg+43 3512 20333hallo@villamagdalena.at\/en Spirit Events GmbH(Gesellschaft mit beschr\u00e4nkter Hafttung)ATU81476868 Haftung Der Autor dieser Webseiten ist bestrebt, die hier angebotenen Informationen nach bestem Wissen und Gewissen vollst\u00e4ndig und richtig darzustellen und aktuell zu halten. Dennoch kann er keinerlei Haftung f\u00fcr Sch\u00e4den \u00fcbernehmen, die sich aus der Nutzung der angebotenen Informationen ergeben [&hellip;]<\/p>\n","protected":false},"author":1,"featured_media":0,"parent":0,"menu_order":0,"comment_status":"closed","ping_status":"closed","template":"","meta":{"footnotes":""},"class_list":["post-123","page","type-page","status-publish","hentry"],"yoast_head":"<!-- This site is optimized with the Yoast SEO plugin v27.4 - https:\/\/yoast.com\/product\/yoast-seo-wordpress\/ -->\n<title>Impressum - Villa Magdalena<\/title>\n<meta name=\"robots\" content=\"index, follow, max-snippet:-1, max-image-preview:large, max-video-preview:-1\" \/>\n<link rel=\"canonical\" href=\"https:\/\/villamagdalena.at\/en\/impressum\/\" \/>\n<meta property=\"og:locale\" content=\"de_DE\" \/>\n<meta property=\"og:type\" content=\"article\" \/>\n<meta property=\"og:title\" content=\"Impressum - Villa Magdalena\" \/>\n<meta property=\"og:description\" content=\"Impressum Villa Magdalena Flurweg 58750 Judenburg+43 3512 20333hallo@villamagdalena.at\/en Spirit Events GmbH(Gesellschaft mit beschr\u00e4nkter Hafttung)ATU81476868 Haftung Der Autor dieser Webseiten ist bestrebt, die hier angebotenen Informationen nach bestem Wissen und Gewissen vollst\u00e4ndig und richtig darzustellen und aktuell zu halten. Dennoch kann er keinerlei Haftung f\u00fcr Sch\u00e4den \u00fcbernehmen, die sich aus der Nutzung der angebotenen Informationen ergeben [&hellip;]\" \/>\n<meta property=\"og:url\" content=\"https:\/\/villamagdalena.at\/en\/impressum\/\" \/>\n<meta property=\"og:site_name\" content=\"Villa Magdalena\" \/>\n<meta property=\"article:modified_time\" content=\"2026-03-02T12:28:34+00:00\" \/>\n<meta name=\"twitter:card\" content=\"summary_large_image\" \/>\n<meta name=\"twitter:label1\" content=\"Gesch\u00e4tzte Lesezeit\" \/>\n\t<meta name=\"twitter:data1\" content=\"2\u00a0Minuten\" \/>\n<script type=\"application\/ld+json\" class=\"yoast-schema-graph\">{\"@context\":\"https:\\\/\\\/schema.org\",\"@graph\":[{\"@type\":\"WebPage\",\"@id\":\"https:\\\/\\\/villamagdalena.at\\\/en\\\/impressum\\\/\",\"url\":\"https:\\\/\\\/villamagdalena.at\\\/en\\\/impressum\\\/\",\"name\":\"Impressum - Villa Magdalena\",\"isPartOf\":{\"@id\":\"https:\\\/\\\/villamagdalena.at\\\/en\\\/#website\"},\"datePublished\":\"2024-11-26T08:21:56+00:00\",\"dateModified\":\"2026-03-02T12:28:34+00:00\",\"breadcrumb\":{\"@id\":\"https:\\\/\\\/villamagdalena.at\\\/en\\\/impressum\\\/#breadcrumb\"},\"inLanguage\":\"de\",\"potentialAction\":[{\"@type\":\"ReadAction\",\"target\":[\"https:\\\/\\\/villamagdalena.at\\\/en\\\/impressum\\\/\"]}]},{\"@type\":\"BreadcrumbList\",\"@id\":\"https:\\\/\\\/villamagdalena.at\\\/en\\\/impressum\\\/#breadcrumb\",\"itemListElement\":[{\"@type\":\"ListItem\",\"position\":1,\"name\":\"Start\",\"item\":\"https:\\\/\\\/villamagdalena.at\\\/en\\\/\"},{\"@type\":\"ListItem\",\"position\":2,\"name\":\"Impressum\"}]},{\"@type\":\"WebSite\",\"@id\":\"https:\\\/\\\/villamagdalena.at\\\/en\\\/#website\",\"url\":\"https:\\\/\\\/villamagdalena.at\\\/en\\\/\",\"name\":\"Villa Magdalena\",\"description\":\"\",\"potentialAction\":[{\"@type\":\"SearchAction\",\"target\":{\"@type\":\"EntryPoint\",\"urlTemplate\":\"https:\\\/\\\/villamagdalena.at\\\/en\\\/?s={search_term_string}\"},\"query-input\":{\"@type\":\"PropertyValueSpecification\",\"valueRequired\":true,\"valueName\":\"search_term_string\"}}],\"inLanguage\":\"de\"}]}<\/script>\n<!-- \/ Yoast SEO plugin. -->","yoast_head_json":{"title":"Impressum - Villa Magdalena","robots":{"index":"index","follow":"follow","max-snippet":"max-snippet:-1","max-image-preview":"max-image-preview:large","max-video-preview":"max-video-preview:-1"},"canonical":"https:\/\/villamagdalena.at\/en\/impressum\/","og_locale":"de_DE","og_type":"article","og_title":"Impressum - Villa Magdalena","og_description":"Impressum Villa Magdalena Flurweg 58750 Judenburg+43 3512 20333hallo@villamagdalena.at\/en Spirit Events GmbH(Gesellschaft mit beschr\u00e4nkter Hafttung)ATU81476868 Haftung Der Autor dieser Webseiten ist bestrebt, die hier angebotenen Informationen nach bestem Wissen und Gewissen vollst\u00e4ndig und richtig darzustellen und aktuell zu halten. Dennoch kann er keinerlei Haftung f\u00fcr Sch\u00e4den \u00fcbernehmen, die sich aus der Nutzung der angebotenen Informationen ergeben [&hellip;]","og_url":"https:\/\/villamagdalena.at\/en\/impressum\/","og_site_name":"Villa Magdalena","article_modified_time":"2026-03-02T12:28:34+00:00","twitter_card":"summary_large_image","twitter_misc":{"Gesch\u00e4tzte Lesezeit":"2\u00a0Minuten"},"schema":{"@context":"https:\/\/schema.org","@graph":[{"@type":"WebPage","@id":"https:\/\/villamagdalena.at\/en\/impressum\/","url":"https:\/\/villamagdalena.at\/en\/impressum\/","name":"Impressum - Villa Magdalena","isPartOf":{"@id":"https:\/\/villamagdalena.at\/en\/#website"},"datePublished":"2024-11-26T08:21:56+00:00","dateModified":"2026-03-02T12:28:34+00:00","breadcrumb":{"@id":"https:\/\/villamagdalena.at\/en\/impressum\/#breadcrumb"},"inLanguage":"de","potentialAction":[{"@type":"ReadAction","target":["https:\/\/villamagdalena.at\/en\/impressum\/"]}]},{"@type":"BreadcrumbList","@id":"https:\/\/villamagdalena.at\/en\/impressum\/#breadcrumb","itemListElement":[{"@type":"ListItem","position":1,"name":"Start","item":"https:\/\/villamagdalena.at\/en\/"},{"@type":"ListItem","position":2,"name":"Impressum"}]},{"@type":"WebSite","@id":"https:\/\/villamagdalena.at\/en\/#website","url":"https:\/\/villamagdalena.at\/en\/","name":"Villa Magdalena","description":"","potentialAction":[{"@type":"SearchAction","target":{"@type":"EntryPoint","urlTemplate":"https:\/\/villamagdalena.at\/en\/?s={search_term_string}"},"query-input":{"@type":"PropertyValueSpecification","valueRequired":true,"valueName":"search_term_string"}}],"inLanguage":"de"}]}},"_links":{"self":[{"href":"https:\/\/villamagdalena.at\/en\/wp-json\/wp\/v2\/pages\/123","targetHints":{"allow":["GET"]}}],"collection":[{"href":"https:\/\/villamagdalena.at\/en\/wp-json\/wp\/v2\/pages"}],"about":[{"href":"https:\/\/villamagdalena.at\/en\/wp-json\/wp\/v2\/types\/page"}],"author":[{"embeddable":true,"href":"https:\/\/villamagdalena.at\/en\/wp-json\/wp\/v2\/users\/1"}],"replies":[{"embeddable":true,"href":"https:\/\/villamagdalena.at\/en\/wp-json\/wp\/v2\/comments?post=123"}],"version-history":[{"count":7,"href":"https:\/\/villamagdalena.at\/en\/wp-json\/wp\/v2\/pages\/123\/revisions"}],"predecessor-version":[{"id":2191,"href":"https:\/\/villamagdalena.at\/en\/wp-json\/wp\/v2\/pages\/123\/revisions\/2191"}],"wp:attachment":[{"href":"https:\/\/villamagdalena.at\/en\/wp-json\/wp\/v2\/media?parent=123"}],"curies":[{"name":"wp","href":"https:\/\/api.w.org\/{rel}","templated":true}]}}